{"id":7274,"date":"2019-02-14T15:54:31","date_gmt":"2019-02-14T14:54:31","guid":{"rendered":"https:\/\/www.cabinet-dentaire-maraqa.fr\/periodontitis-treatment\/"},"modified":"2019-02-14T15:54:31","modified_gmt":"2019-02-14T14:54:31","slug":"periodontitis-treatment","status":"publish","type":"page","link":"https:\/\/www.cabinet-dentaire-maraqa.fr\/en\/periodontology\/periodontitis-treatment\/","title":{"rendered":"Periodontitis treatment"},"content":{"rendered":"<div class=\"fusion-fullwidth fullwidth-box fusion-builder-row-1 nonhundred-percent-fullwidth non-hundred-percent-height-scrolling\" style=\"--awb-background-position:left top;--awb-border-sizes-top:0px;--awb-border-sizes-bottom:0px;--awb-border-sizes-left:0px;--awb-border-sizes-right:0px;--awb-border-radius-top-left:0px;--awb-border-radius-top-right:0px;--awb-border-radius-bottom-right:0px;--awb-border-radius-bottom-left:0px;--awb-padding-top:0px;--awb-padding-bottom:0px;--awb-flex-wrap:wrap;\" ><div class=\"fusion-builder-row fusion-row\"><div class=\"fusion-layout-column fusion_builder_column fusion-builder-column-0 fusion_builder_column_3_5 3_5 fusion-three-fifth fusion-column-first\" style=\"--awb-bg-size:cover;width:58.4%; margin-right: 4%;\"><div class=\"fusion-column-wrapper fusion-flex-column-wrapper-legacy\"><div class=\"fusion-text fusion-text-1\"><p style=\"letter-spacing: 4px; font-size: 13px; margin-bottom: 0px;\">GINGIVITIS AND PERIODONTITIS<\/p>\n<h2>Consultation and treatment<\/h2>\n<\/div><div class=\"fusion-sep-clear\"><\/div><div class=\"fusion-separator fusion-clearfix\" style=\"float:left;margin-top:0px;margin-bottom:20px;width:100%;max-width:50px;\"><div class=\"fusion-separator-border sep-single sep-solid\" style=\"--awb-height:20px;--awb-amount:20px;--awb-sep-color:#d2d629;border-color:#d2d629;border-top-width:2px;\"><\/div><\/div><div class=\"fusion-sep-clear\"><\/div><div class=\"fusion-text fusion-text-2\"><p style=\"text-align: justify;\">Periodontitis is caused by the presence of bacterial deposits in contact with the gums. They are therefore infectious diseases that must be treated by eliminating the microbes responsible for the infection.<\/p>\n<\/div><div class=\"fusion-clearfix\"><\/div><\/div><\/div><div class=\"fusion-layout-column fusion_builder_column fusion-builder-column-1 fusion_builder_column_2_5 2_5 fusion-two-fifth fusion-column-last\" style=\"--awb-padding-top:30px;--awb-padding-right:30px;--awb-padding-bottom:30px;--awb-padding-left:30px;--awb-bg-color:#ffffff;--awb-bg-color-hover:#ffffff;--awb-bg-size:cover;--awb-border-color:#ebeef1;--awb-border-top:1px;--awb-border-right:1px;--awb-border-bottom:1px;--awb-border-left:1px;--awb-border-style:solid;width:37.6%;\"><div class=\"fusion-column-wrapper fusion-flex-column-wrapper-legacy\"><div class=\"fusion-image-element fusion-image-align-center in-legacy-container\" style=\"text-align:center;--awb-liftup-border-radius:0px;--awb-caption-title-font-family:var(--h2_typography-font-family);--awb-caption-title-font-weight:var(--h2_typography-font-weight);--awb-caption-title-font-style:var(--h2_typography-font-style);--awb-caption-title-size:var(--h2_typography-font-size);--awb-caption-title-transform:var(--h2_typography-text-transform);--awb-caption-title-line-height:var(--h2_typography-line-height);--awb-caption-title-letter-spacing:var(--h2_typography-letter-spacing);\"><div class=\"imageframe-align-center\"><div class=\"awb-image-frame awb-image-frame-1 imageframe-liftup\"><span class=\" fusion-imageframe imageframe-dropshadow imageframe-1\" style=\"border:13px solid #ffffff;-webkit-box-shadow: 3px 3px 7px rgba(0,0,0,0.3);box-shadow: 3px 3px 7px rgba(0,0,0,0.3);\"><a href=\"https:\/\/www.cabinet-dentaire-maraqa.fr\/wp-content\/uploads\/Parodontologie-Dentiste-Cannes.jpg\" class=\"fusion-lightbox\" data-rel=\"iLightbox[97ac7d05f871ebd8649]\" data-title=\"Parodontologie &#8211; Dentiste Cannes\" title=\"Parodontologie &#8211; Dentiste Cannes\"><img decoding=\"async\" width=\"700\" height=\"400\" src=\"https:\/\/www.cabinet-dentaire-maraqa.fr\/wp-content\/uploads\/Parodontologie-Dentiste-Cannes.jpg\" alt class=\"img-responsive wp-image-7213\" srcset=\"https:\/\/www.cabinet-dentaire-maraqa.fr\/wp-content\/uploads\/Parodontologie-Dentiste-Cannes-200x114.jpg 200w, https:\/\/www.cabinet-dentaire-maraqa.fr\/wp-content\/uploads\/Parodontologie-Dentiste-Cannes-400x229.jpg 400w, https:\/\/www.cabinet-dentaire-maraqa.fr\/wp-content\/uploads\/Parodontologie-Dentiste-Cannes-600x343.jpg 600w, https:\/\/www.cabinet-dentaire-maraqa.fr\/wp-content\/uploads\/Parodontologie-Dentiste-Cannes.jpg 700w\" sizes=\"(max-width: 800px) 100vw, 400px\" \/><\/a><\/span><\/div><\/div><\/div><div class=\"fusion-clearfix\"><\/div><\/div><\/div><div class=\"fusion-layout-column fusion_builder_column fusion-builder-column-2 fusion_builder_column_1_1 1_1 fusion-one-full fusion-column-first fusion-column-last fusion-column-no-min-height\" style=\"--awb-bg-size:cover;--awb-margin-bottom:0px;\"><div class=\"fusion-column-wrapper fusion-flex-column-wrapper-legacy\"><div class=\"fusion-sep-clear\"><\/div><div class=\"fusion-separator\" style=\"margin-left: auto;margin-right: auto;margin-top:15px;margin-bottom:15px;width:100%;max-width:50px;\"><\/div><div class=\"fusion-sep-clear\"><\/div><div class=\"fusion-text fusion-text-3\"><h3>Principles of treatment<\/h3>\n<p style=\"text-align: justify;\">The objective of periodontitis treatment is to disinfect the space between the gum and the tooth by removing bacterial plaque and tartar. This disinfection is based on :<\/p>\n<ul style=\"--awb-size:16px;--awb-iconcolor:#fd3f92;--awb-line-height:27.2px;--awb-icon-width:27.2px;--awb-icon-height:27.2px;--awb-icon-margin:11.2px;--awb-content-margin:38.4px;\" class=\"fusion-checklist fusion-checklist-1 fusion-checklist-default type-icons\">\n<li class=\"fusion-li-item\" style=\"\"><span class=\"icon-wrapper circle-no\"><i class=\"fusion-li-icon fa-caret-right fas\" aria-hidden=\"true\"><\/i><\/span><div class=\"fusion-li-item-content\">learning an adapted brushing method. Without this, the periodontitis recurs very quickly after the end of the treatment;<\/div><\/li>\n<li class=\"fusion-li-item\" style=\"\"><span class=\"icon-wrapper circle-no\"><i class=\"fusion-li-icon fa-caret-right fas\" aria-hidden=\"true\"><\/i><\/span><div class=\"fusion-li-item-content\">A cleaning of the surface of the dental roots, under the gum, in order to eliminate the tartar and the dental plaque which are present there;<\/div><\/li>\n<li class=\"fusion-li-item\" style=\"\"><span class=\"icon-wrapper circle-no\"><i class=\"fusion-li-icon fa-caret-right fas\" aria-hidden=\"true\"><\/i><\/span><div class=\"fusion-li-item-content\">the possible prescription of an anti-infectious treatment based on mouthwash and sometimes antibiotics.<\/div><\/li><\/ul>\n<h3>1. Non-surgical treatment<\/h3>\n<p style=\"text-align: justify;\">This is the first-line treatment proposed. It consists of sanitation under the gum, by passing fine instruments between the gum and the tooth, in the periodontal pockets. It is often compared to deep scaling.<\/p>\n<h3>2. Surgical treatment<\/h3>\n<p style=\"text-align: justify;\">These treatments consist of cleaning and disinfecting very deeply around the teeth by surgically lifting the gums. These treatments are usually done in the dental practice under local anesthesia.<\/p>\n<h3>2\u2019. Regeneration of lesions<\/h3>\n<p style=\"text-align: justify;\">Les tissus d\u00e9truits par les parodontites (os, ligament, c\u00e9ment et gencive) ne peuvent en g\u00e9n\u00e9ral pas \u00eatre r\u00e9par\u00e9s. In some special cases, these tissues can be partially or totally reconstructed.<\/p>\n<h3>3. Periodontal maintenance<\/h3>\n<p style=\"text-align: justify;\">Once the treatment has been carried out, and in order to maintain the results for as long as possible, it is essential to set up a very rigorous follow-up that will last a lifetime. This is called periodontal maintenance. These are very meticulous gingival sanitation sessions that help avoid reinfection of the gums.<\/p>\n<\/div><div class=\"fusion-clearfix\"><\/div><\/div><\/div><\/div><\/div>\n","protected":false},"excerpt":{"rendered":"","protected":false},"author":6,"featured_media":0,"parent":7281,"menu_order":0,"comment_status":"open","ping_status":"closed","template":"100-width.php","meta":{"footnotes":""},"class_list":["post-7274","page","type-page","status-publish","hentry"],"yoast_head":"<!-- This site is optimized with the Yoast SEO plugin v27.3 - https:\/\/yoast.com\/product\/yoast-seo-wordpress\/ -->\n<title>The treatment of periodontitis or periodontal treatment Cannes<\/title>\n<meta name=\"description\" content=\"The treatment of periodontitis in Cannes is to disinfect the space between the gum and the tooth by eliminating...Periodontist Cannes\" \/>\n<meta name=\"robots\" content=\"index, follow, max-snippet:-1, max-image-preview:large, max-video-preview:-1\" \/>\n<link rel=\"canonical\" href=\"https:\/\/www.cabinet-dentaire-maraqa.fr\/en\/periodontitis-treatment\/\" \/>\n<meta property=\"og:locale\" content=\"en_US\" \/>\n<meta property=\"og:type\" content=\"article\" \/>\n<meta property=\"og:title\" content=\"The treatment of periodontitis or periodontal treatment Cannes\" \/>\n<meta property=\"og:description\" content=\"The treatment of periodontitis in Cannes is to disinfect the space between the gum and the tooth by eliminating...Periodontist Cannes\" \/>\n<meta property=\"og:url\" content=\"https:\/\/www.cabinet-dentaire-maraqa.fr\/en\/periodontitis-treatment\/\" \/>\n<meta property=\"og:site_name\" content=\"Dr Fayza Maraqa\" \/>\n<meta name=\"twitter:label1\" content=\"Est. reading time\" \/>\n\t<meta name=\"twitter:data1\" content=\"5 minutes\" \/>\n<script type=\"application\/ld+json\" class=\"yoast-schema-graph\">{\"@context\":\"https:\\\/\\\/schema.org\",\"@graph\":[{\"@type\":\"WebPage\",\"@id\":\"https:\\\/\\\/www.cabinet-dentaire-maraqa.fr\\\/en\\\/periodontitis-treatment\\\/\",\"url\":\"https:\\\/\\\/www.cabinet-dentaire-maraqa.fr\\\/en\\\/periodontitis-treatment\\\/\",\"name\":\"The treatment of periodontitis or periodontal treatment Cannes\",\"isPartOf\":{\"@id\":\"https:\\\/\\\/www.cabinet-dentaire-maraqa.fr\\\/#website\"},\"datePublished\":\"2019-02-14T14:54:31+00:00\",\"description\":\"The treatment of periodontitis in Cannes is to disinfect the space between the gum and the tooth by eliminating...Periodontist Cannes\",\"breadcrumb\":{\"@id\":\"https:\\\/\\\/www.cabinet-dentaire-maraqa.fr\\\/en\\\/periodontitis-treatment\\\/#breadcrumb\"},\"inLanguage\":\"en-US\",\"potentialAction\":[{\"@type\":\"ReadAction\",\"target\":[\"https:\\\/\\\/www.cabinet-dentaire-maraqa.fr\\\/en\\\/periodontitis-treatment\\\/\"]}]},{\"@type\":\"BreadcrumbList\",\"@id\":\"https:\\\/\\\/www.cabinet-dentaire-maraqa.fr\\\/en\\\/periodontitis-treatment\\\/#breadcrumb\",\"itemListElement\":[{\"@type\":\"ListItem\",\"position\":1,\"name\":\"Accueil\",\"item\":\"https:\\\/\\\/www.cabinet-dentaire-maraqa.fr\\\/en\\\/\"},{\"@type\":\"ListItem\",\"position\":2,\"name\":\"Periodontitis treatment\"}]},{\"@type\":\"WebSite\",\"@id\":\"https:\\\/\\\/www.cabinet-dentaire-maraqa.fr\\\/#website\",\"url\":\"https:\\\/\\\/www.cabinet-dentaire-maraqa.fr\\\/\",\"name\":\"Dr Fayza Maraqa\",\"description\":\"Chirurgien dentiste \u00e0 Cannes pratique tous les soins dentaires\",\"publisher\":{\"@id\":\"https:\\\/\\\/www.cabinet-dentaire-maraqa.fr\\\/#organization\"},\"potentialAction\":[{\"@type\":\"SearchAction\",\"target\":{\"@type\":\"EntryPoint\",\"urlTemplate\":\"https:\\\/\\\/www.cabinet-dentaire-maraqa.fr\\\/?s={search_term_string}\"},\"query-input\":{\"@type\":\"PropertyValueSpecification\",\"valueRequired\":true,\"valueName\":\"search_term_string\"}}],\"inLanguage\":\"en-US\"},{\"@type\":\"Organization\",\"@id\":\"https:\\\/\\\/www.cabinet-dentaire-maraqa.fr\\\/#organization\",\"name\":\"Docteur Fayza Maraqa\",\"url\":\"https:\\\/\\\/www.cabinet-dentaire-maraqa.fr\\\/\",\"logo\":{\"@type\":\"ImageObject\",\"inLanguage\":\"en-US\",\"@id\":\"https:\\\/\\\/www.cabinet-dentaire-maraqa.fr\\\/#\\\/schema\\\/logo\\\/image\\\/\",\"url\":\"https:\\\/\\\/www.cabinet-dentaire-maraqa.fr\\\/wp-content\\\/uploads\\\/Logo-Dentiste-Cannes.png\",\"contentUrl\":\"https:\\\/\\\/www.cabinet-dentaire-maraqa.fr\\\/wp-content\\\/uploads\\\/Logo-Dentiste-Cannes.png\",\"width\":300,\"height\":300,\"caption\":\"Docteur Fayza Maraqa\"},\"image\":{\"@id\":\"https:\\\/\\\/www.cabinet-dentaire-maraqa.fr\\\/#\\\/schema\\\/logo\\\/image\\\/\"}}]}<\/script>\n<!-- \/ Yoast SEO plugin. -->","yoast_head_json":{"title":"The treatment of periodontitis or periodontal treatment Cannes","description":"The treatment of periodontitis in Cannes is to disinfect the space between the gum and the tooth by eliminating...Periodontist Cannes","robots":{"index":"index","follow":"follow","max-snippet":"max-snippet:-1","max-image-preview":"max-image-preview:large","max-video-preview":"max-video-preview:-1"},"canonical":"https:\/\/www.cabinet-dentaire-maraqa.fr\/en\/periodontitis-treatment\/","og_locale":"en_US","og_type":"article","og_title":"The treatment of periodontitis or periodontal treatment Cannes","og_description":"The treatment of periodontitis in Cannes is to disinfect the space between the gum and the tooth by eliminating...Periodontist Cannes","og_url":"https:\/\/www.cabinet-dentaire-maraqa.fr\/en\/periodontitis-treatment\/","og_site_name":"Dr Fayza Maraqa","twitter_misc":{"Est. reading time":"5 minutes"},"schema":{"@context":"https:\/\/schema.org","@graph":[{"@type":"WebPage","@id":"https:\/\/www.cabinet-dentaire-maraqa.fr\/en\/periodontitis-treatment\/","url":"https:\/\/www.cabinet-dentaire-maraqa.fr\/en\/periodontitis-treatment\/","name":"The treatment of periodontitis or periodontal treatment Cannes","isPartOf":{"@id":"https:\/\/www.cabinet-dentaire-maraqa.fr\/#website"},"datePublished":"2019-02-14T14:54:31+00:00","description":"The treatment of periodontitis in Cannes is to disinfect the space between the gum and the tooth by eliminating...Periodontist Cannes","breadcrumb":{"@id":"https:\/\/www.cabinet-dentaire-maraqa.fr\/en\/periodontitis-treatment\/#breadcrumb"},"inLanguage":"en-US","potentialAction":[{"@type":"ReadAction","target":["https:\/\/www.cabinet-dentaire-maraqa.fr\/en\/periodontitis-treatment\/"]}]},{"@type":"BreadcrumbList","@id":"https:\/\/www.cabinet-dentaire-maraqa.fr\/en\/periodontitis-treatment\/#breadcrumb","itemListElement":[{"@type":"ListItem","position":1,"name":"Accueil","item":"https:\/\/www.cabinet-dentaire-maraqa.fr\/en\/"},{"@type":"ListItem","position":2,"name":"Periodontitis treatment"}]},{"@type":"WebSite","@id":"https:\/\/www.cabinet-dentaire-maraqa.fr\/#website","url":"https:\/\/www.cabinet-dentaire-maraqa.fr\/","name":"Dr Fayza Maraqa","description":"Chirurgien dentiste \u00e0 Cannes pratique tous les soins dentaires","publisher":{"@id":"https:\/\/www.cabinet-dentaire-maraqa.fr\/#organization"},"potentialAction":[{"@type":"SearchAction","target":{"@type":"EntryPoint","urlTemplate":"https:\/\/www.cabinet-dentaire-maraqa.fr\/?s={search_term_string}"},"query-input":{"@type":"PropertyValueSpecification","valueRequired":true,"valueName":"search_term_string"}}],"inLanguage":"en-US"},{"@type":"Organization","@id":"https:\/\/www.cabinet-dentaire-maraqa.fr\/#organization","name":"Docteur Fayza Maraqa","url":"https:\/\/www.cabinet-dentaire-maraqa.fr\/","logo":{"@type":"ImageObject","inLanguage":"en-US","@id":"https:\/\/www.cabinet-dentaire-maraqa.fr\/#\/schema\/logo\/image\/","url":"https:\/\/www.cabinet-dentaire-maraqa.fr\/wp-content\/uploads\/Logo-Dentiste-Cannes.png","contentUrl":"https:\/\/www.cabinet-dentaire-maraqa.fr\/wp-content\/uploads\/Logo-Dentiste-Cannes.png","width":300,"height":300,"caption":"Docteur Fayza Maraqa"},"image":{"@id":"https:\/\/www.cabinet-dentaire-maraqa.fr\/#\/schema\/logo\/image\/"}}]}},"_links":{"self":[{"href":"https:\/\/www.cabinet-dentaire-maraqa.fr\/en\/wp-json\/wp\/v2\/pages\/7274","targetHints":{"allow":["GET"]}}],"collection":[{"href":"https:\/\/www.cabinet-dentaire-maraqa.fr\/en\/wp-json\/wp\/v2\/pages"}],"about":[{"href":"https:\/\/www.cabinet-dentaire-maraqa.fr\/en\/wp-json\/wp\/v2\/types\/page"}],"author":[{"embeddable":true,"href":"https:\/\/www.cabinet-dentaire-maraqa.fr\/en\/wp-json\/wp\/v2\/users\/6"}],"replies":[{"embeddable":true,"href":"https:\/\/www.cabinet-dentaire-maraqa.fr\/en\/wp-json\/wp\/v2\/comments?post=7274"}],"version-history":[{"count":0,"href":"https:\/\/www.cabinet-dentaire-maraqa.fr\/en\/wp-json\/wp\/v2\/pages\/7274\/revisions"}],"up":[{"embeddable":true,"href":"https:\/\/www.cabinet-dentaire-maraqa.fr\/en\/wp-json\/wp\/v2\/pages\/7281"}],"wp:attachment":[{"href":"https:\/\/www.cabinet-dentaire-maraqa.fr\/en\/wp-json\/wp\/v2\/media?parent=7274"}],"curies":[{"name":"wp","href":"https:\/\/api.w.org\/{rel}","templated":true}]}}